{"id":10,"date":"2020-05-10T11:49:59","date_gmt":"2020-05-10T11:49:59","guid":{"rendered":"https:\/\/memoriasdeabrilnet.wordpress.com\/?page_id=6"},"modified":"2023-07-21T18:22:25","modified_gmt":"2023-07-21T17:22:25","slug":"blog","status":"publish","type":"page","link":"https:\/\/memoriasdeabril.antadaestria.net\/?page_id=10","title":{"rendered":"Cronologia"},"content":{"rendered":"\n<div class=\"wp-block-group alignfull has-background-background-color has-background\"><div class=\"wp-block-group__inner-container is-layout-flow wp-block-group-is-layout-flow\">\n<figure class=\"wp-block-image size-large\"><img loading=\"lazy\" decoding=\"async\" width=\"1391\" height=\"673\" src=\"https:\/\/memoriasdeabril.antadaestria.net\/wp-content\/uploads\/2020\/05\/policc81tica-abril-74-4-1-1.jpeg?w=750\" alt=\"\" class=\"wp-image-184\" srcset=\"https:\/\/memoriasdeabril.antadaestria.net\/wp-content\/uploads\/2020\/05\/policc81tica-abril-74-4-1-1.jpeg 1391w, https:\/\/memoriasdeabril.antadaestria.net\/wp-content\/uploads\/2020\/05\/policc81tica-abril-74-4-1-1-300x145.jpeg 300w, https:\/\/memoriasdeabril.antadaestria.net\/wp-content\/uploads\/2020\/05\/policc81tica-abril-74-4-1-1-1024x495.jpeg 1024w, https:\/\/memoriasdeabril.antadaestria.net\/wp-content\/uploads\/2020\/05\/policc81tica-abril-74-4-1-1-768x372.jpeg 768w\" sizes=\"auto, (max-width: 1391px) 100vw, 1391px\" \/><\/figure>\n\n\n\n<div class=\"wp-block-jetpack-layout-grid alignfull column1-desktop-grid__span-12 column1-desktop-grid__row-1 column1-tablet-grid__span-8 column1-tablet-grid__row-1 column1-mobile-grid__span-4 column1-mobile-grid__row-1\">\n<div class=\"wp-block-jetpack-layout-grid-column wp-block-jetpack-layout-grid__padding-none\"><\/div>\n<\/div>\n\n\n\n<p>Em Maio de 1974 explode a onda de reivindica\u00e7\u00f5es, no mundo do trabalho, em todo o pa\u00eds.<br>Em todos os sectores da economia reclama-se o fim das injusti\u00e7as da explora\u00e7\u00e3o capitalista.<br>Passamos a apresentar uma &#8220;listagem&#8221; de artigos sa\u00eddos nos jornais que v\u00e3o ilustrar a marcha de um processo que ia muito para al\u00e9m das reivindica\u00e7\u00f5es salariais.<\/p>\n\n\n\n<figure class=\"wp-block-image size-large\"><img loading=\"lazy\" decoding=\"async\" width=\"1576\" height=\"2264\" src=\"https:\/\/memoriasdeabril.antadaestria.net\/wp-content\/uploads\/2020\/09\/pessoal-da-limpeza-cantina-universitacc81ria-porteiros-auxiliares-de-limpeza-continuos.jpeg?w=713\" alt=\"\" class=\"wp-image-233\" srcset=\"https:\/\/memoriasdeabril.antadaestria.net\/wp-content\/uploads\/2020\/09\/pessoal-da-limpeza-cantina-universitacc81ria-porteiros-auxiliares-de-limpeza-continuos.jpeg 1576w, https:\/\/memoriasdeabril.antadaestria.net\/wp-content\/uploads\/2020\/09\/pessoal-da-limpeza-cantina-universitacc81ria-porteiros-auxiliares-de-limpeza-continuos-209x300.jpeg 209w, https:\/\/memoriasdeabril.antadaestria.net\/wp-content\/uploads\/2020\/09\/pessoal-da-limpeza-cantina-universitacc81ria-porteiros-auxiliares-de-limpeza-continuos-713x1024.jpeg 713w, https:\/\/memoriasdeabril.antadaestria.net\/wp-content\/uploads\/2020\/09\/pessoal-da-limpeza-cantina-universitacc81ria-porteiros-auxiliares-de-limpeza-continuos-768x1103.jpeg 768w, https:\/\/memoriasdeabril.antadaestria.net\/wp-content\/uploads\/2020\/09\/pessoal-da-limpeza-cantina-universitacc81ria-porteiros-auxiliares-de-limpeza-continuos-1069x1536.jpeg 1069w, https:\/\/memoriasdeabril.antadaestria.net\/wp-content\/uploads\/2020\/09\/pessoal-da-limpeza-cantina-universitacc81ria-porteiros-auxiliares-de-limpeza-continuos-1426x2048.jpeg 1426w\" sizes=\"auto, (max-width: 1576px) 100vw, 1576px\" \/><figcaption class=\"wp-element-caption\"><strong>conjunto de artigos publicados em Maio e Junho de 1974 sobre as reivindica\u00e7\u00f5es dos porteiros, auxiliares de limpeza e actividades afins<\/strong><\/figcaption><\/figure>\n<\/div><\/div>\n\n\n\n<p>LISTAGEM DE NOT\u00cdCIAS SA\u00cdDAS NOS JORNAIS ENTRE ABRIL E JUNHO DE 1974<br>SOBRE AS LUTAS E REIVINDICA\u00c7\u00d5ES NAS EMPRESAS.<br>Encontra um \u00edndice ordenado pelo nome da empresa nas p\u00e1ginas 254, 255 e 256.<br>Pode ainda, se lhe interessar, transferir o ficheiro no bot\u00e3o &#8220;Descarregar&#8221;<\/p>\n\n\n\n<div data-wp-interactive=\"core\/file\" class=\"wp-block-file\"><object data-wp-bind--hidden=\"!state.hasPdfPreview\" hidden class=\"wp-block-file__embed\" data=\"https:\/\/memoriasdeabril.antadaestria.net\/wp-content\/uploads\/2020\/10\/1974-lutas.pdf\" type=\"application\/pdf\" style=\"width:100%;height:600px\" aria-label=\"Incorporado de 1974-Lutas.\"><\/object><a id=\"wp-block-file--media-4b3c1a5d-337d-47d3-ae0d-2eda246a05cb\" href=\"https:\/\/memoriasdeabril.antadaestria.net\/wp-content\/uploads\/2020\/10\/1974-lutas.pdf\">1974-Lutas<\/a><a href=\"https:\/\/memoriasdeabril.antadaestria.net\/wp-content\/uploads\/2020\/10\/1974-lutas.pdf\" class=\"wp-block-file__button wp-element-button\" download aria-describedby=\"wp-block-file--media-4b3c1a5d-337d-47d3-ae0d-2eda246a05cb\">Descarregar<\/a><\/div>\n\n\n\n<p>Lista da designa\u00e7\u00e3o das fontes &#8211; Jornais (manuscritos nos artigos)<br>C &#8211;     &#8220;A Capital&#8221;<br>R &#8211;     &#8220;Rep\u00fablica&#8221;<br>DN &#8211;  &#8220;Di\u00e1rio de Not\u00edcias&#8221;<br>S &#8211;     &#8220;O S\u00e9culo&#8221;<br>DL &#8211;  &#8220;Di\u00e1rio de Lisboa&#8221;<br>DP &#8211;  &#8220;Di\u00e1rio Popular&#8221;<br>LP &#8211;   &#8220;Luta Popular&#8221; <br>GP &#8211;  &#8220;Grito do Povo&#8221;<\/p>\n\n\n\n<p>Ap\u00f3s a primeira listagem por nome de empresas passamos agora a registar alguns acontecimentos por ramo de actividades.<\/p>\n\n\n\n<h2 class=\"wp-block-heading\"><strong>Nos campos de Portugal&#8230;<\/strong><\/h2>\n\n\n\n<p>Registo de alguns artigos de jornal sobre as lutas travadas por camponeses, agricultores, rendeiros e outros agentes ligados \u00e0 agricultura.<\/p>\n\n\n\n<div data-wp-interactive=\"core\/file\" class=\"wp-block-file\"><object data-wp-bind--hidden=\"!state.hasPdfPreview\" hidden class=\"wp-block-file__embed\" data=\"https:\/\/memoriasdeabril.antadaestria.net\/wp-content\/uploads\/2020\/10\/nos-campos-de-portugal.pdf\" type=\"application\/pdf\" style=\"width:100%;height:600px\" aria-label=\"Incorporado de Nos campos de Portugal.\"><\/object><a id=\"wp-block-file--media-40ee1927-3a2c-46c2-8057-7af85d73ada9\" href=\"https:\/\/memoriasdeabril.antadaestria.net\/wp-content\/uploads\/2020\/10\/nos-campos-de-portugal.pdf\">Nos campos de Portugal<\/a><a href=\"https:\/\/memoriasdeabril.antadaestria.net\/wp-content\/uploads\/2020\/10\/nos-campos-de-portugal.pdf\" class=\"wp-block-file__button wp-element-button\" download aria-describedby=\"wp-block-file--media-40ee1927-3a2c-46c2-8057-7af85d73ada9\">Descarregar<\/a><\/div>\n\n\n\n<h2 class=\"wp-block-heading\"><strong>Viva o Poder Popular!<\/strong><\/h2>\n\n\n\n<p>Depois da explos\u00e3o de alegria veio a necessidade da organiza\u00e7\u00e3o social. As pessoas ergueram com as suas pr\u00f3prias m\u00e3os \u201cestruturas\u201d espont\u00e2neas de poder que n\u00e3o passavam pelos pal\u00e1cios dos \u201cmandantes\u201d tradicionais.<br>\u00c9 assim que nascem as \u201ccomiss\u00f5es de moradores\u201d, comiss\u00f5es de aldeia, etc\u2026<br>Ao longo dos meses que decorreram at\u00e9 ao 25 de Novembro de 1975, cresceram e afirmaram-se, as comiss\u00f5es de trabalhadores, moradores, soldados, paralelamente ao poder \u201cinstitu\u00eddo\u201d pelas elites que procuravam outro \u201cordenamento democr\u00e1tico\u201d formal.<br>As lutas que se sucederam puseram em causa esse tal ordenamento \u201crepresentativo\u201d e constitu\u00edram um ensaio para a edifica\u00e7\u00e3o da Democracia Directa.: De baixo para cima, exercendo o poder da vontade da comunidade e n\u00e3o o \u201cpoder representativo\u201d parido por grupos e corpora\u00e7\u00f5es pol\u00edticas e econ\u00f3micas.<br><br>Poucos dias passados do 25 de Abril de 1974 estalam nos bairros espontaneamente as reivindica\u00e7\u00f5es, muitas delas de uma forma quase ing\u00e9nua, mas que denunciavam a profunda mis\u00e9ria em que encontravam as camadas mais desfavorecidas no regime fascista.<\/p>\n\n\n\n<p>Eis aqui alguns casos e ocorr\u00eancias vividos em bairros populares de Lisboa.<\/p>\n\n\n\n<div data-wp-interactive=\"core\/file\" class=\"wp-block-file\"><object data-wp-bind--hidden=\"!state.hasPdfPreview\" hidden class=\"wp-block-file__embed\" data=\"https:\/\/memoriasdeabril.antadaestria.net\/wp-content\/uploads\/2020\/10\/lutas-nos-bairros.pdf\" type=\"application\/pdf\" style=\"width:100%;height:600px\" aria-label=\"Incorporado de Lutas nos Bairros.\"><\/object><a id=\"wp-block-file--media-12f11392-6af3-43e9-8e3d-ead18154bb75\" href=\"https:\/\/memoriasdeabril.antadaestria.net\/wp-content\/uploads\/2020\/10\/lutas-nos-bairros.pdf\">Lutas nos Bairros<\/a><a href=\"https:\/\/memoriasdeabril.antadaestria.net\/wp-content\/uploads\/2020\/10\/lutas-nos-bairros.pdf\" class=\"wp-block-file__button wp-element-button\" download aria-describedby=\"wp-block-file--media-12f11392-6af3-43e9-8e3d-ead18154bb75\">Descarregar<\/a><\/div>\n\n\n\n<p class=\"has-medium-font-size\"><strong>Um exemplo de exerc\u00edcio do Poder Popular que vivi<\/strong><\/p>\n\n\n\n<p><a rel=\"noreferrer noopener\" href=\"http:\/\/uivemosjuntos.blogspot.com\/2014\/11\/para-historia-e-sobre-mentira-do-25-de.html\" target=\"_blank\">http:\/\/uivemosjuntos.blogspot.com\/2014\/11\/para-historia-e-sobre-mentira-do-25-de.html<\/a><\/p>\n\n\n\n<p><br><\/p>\n","protected":false},"excerpt":{"rendered":"<p>Em Maio de 1974 explode a onda de reivindica\u00e7\u00f5es, no mundo do trabalho, em todo o pa\u00eds.Em todos os sectores da economia<\/p>\n<p class=\"link-more\"><a class=\"myButt \" href=\"https:\/\/memoriasdeabril.antadaestria.net\/?page_id=10\">Read More<\/a><\/p>\n","protected":false},"author":1,"featured_media":542,"parent":0,"menu_order":1,"comment_status":"closed","ping_status":"closed","template":"","meta":{"footnotes":""},"class_list":["post-10","page","type-page","status-publish","has-post-thumbnail","hentry"],"_links":{"self":[{"href":"https:\/\/memoriasdeabril.antadaestria.net\/index.php?rest_route=\/wp\/v2\/pages\/10","targetHints":{"allow":["GET"]}}],"collection":[{"href":"https:\/\/memoriasdeabril.antadaestria.net\/index.php?rest_route=\/wp\/v2\/pages"}],"about":[{"href":"https:\/\/memoriasdeabril.antadaestria.net\/index.php?rest_route=\/wp\/v2\/types\/page"}],"author":[{"embeddable":true,"href":"https:\/\/memoriasdeabril.antadaestria.net\/index.php?rest_route=\/wp\/v2\/users\/1"}],"replies":[{"embeddable":true,"href":"https:\/\/memoriasdeabril.antadaestria.net\/index.php?rest_route=%2Fwp%2Fv2%2Fcomments&post=10"}],"version-history":[{"count":5,"href":"https:\/\/memoriasdeabril.antadaestria.net\/index.php?rest_route=\/wp\/v2\/pages\/10\/revisions"}],"predecessor-version":[{"id":676,"href":"https:\/\/memoriasdeabril.antadaestria.net\/index.php?rest_route=\/wp\/v2\/pages\/10\/revisions\/676"}],"wp:featuredmedia":[{"embeddable":true,"href":"https:\/\/memoriasdeabril.antadaestria.net\/index.php?rest_route=\/wp\/v2\/media\/542"}],"wp:attachment":[{"href":"https:\/\/memoriasdeabril.antadaestria.net\/index.php?rest_route=%2Fwp%2Fv2%2Fmedia&parent=10"}],"curies":[{"name":"wp","href":"https:\/\/api.w.org\/{rel}","templated":true}]}}