{"id":11,"date":"2020-05-10T11:49:58","date_gmt":"2020-05-10T11:49:58","guid":{"rendered":"https:\/\/memoriasdeabrilnet.wordpress.com\/?page_id=7"},"modified":"2025-06-25T12:26:04","modified_gmt":"2025-06-25T11:26:04","slug":"blog-2","status":"publish","type":"page","link":"https:\/\/memoriasdeabril.antadaestria.net\/?page_id=11","title":{"rendered":"Blogue"},"content":{"rendered":"\n<div class=\"wp-block-cover alignfull has-background-dim-10 has-background-dim is-style-default\"><img loading=\"lazy\" decoding=\"async\" width=\"1024\" height=\"768\" class=\"wp-block-cover__image-background wp-image-59 size-large\" alt=\"\" src=\"https:\/\/memoriasdeabril.antadaestria.net\/wp-content\/uploads\/2020\/05\/img_0594-1024x768.jpg\" style=\"object-position:33% 65%\" data-object-fit=\"cover\" data-object-position=\"33% 65%\" srcset=\"https:\/\/memoriasdeabril.antadaestria.net\/wp-content\/uploads\/2020\/05\/img_0594-1024x768.jpg 1024w, https:\/\/memoriasdeabril.antadaestria.net\/wp-content\/uploads\/2020\/05\/img_0594-300x225.jpg 300w, https:\/\/memoriasdeabril.antadaestria.net\/wp-content\/uploads\/2020\/05\/img_0594-768x576.jpg 768w, https:\/\/memoriasdeabril.antadaestria.net\/wp-content\/uploads\/2020\/05\/img_0594-1536x1152.jpg 1536w, https:\/\/memoriasdeabril.antadaestria.net\/wp-content\/uploads\/2020\/05\/img_0594-2048x1536.jpg 2048w\" sizes=\"auto, (max-width: 1024px) 100vw, 1024px\" \/><span aria-hidden=\"true\" class=\"wp-block-cover__background has-background-dim-10 has-background-dim\" style=\"background-color:#7e776c\"><\/span><div class=\"wp-block-cover__inner-container is-layout-flow wp-block-cover-is-layout-flow\">\n<p class=\"has-text-align-center has-large-font-size\"><\/p>\n<\/div><\/div>\n\n\n\n<blockquote class=\"wp-block-quote is-layout-flow wp-block-quote-is-layout-flow\">\n<p><strong>J\u00e1 cheirava a Abril&#8230;<\/strong><\/p>\n<cite>Por volta de 1973, no Sindicato dos Trabalhadores do Com\u00e9rcio de Lisboa, comecei a aperceber-me da luta e resist\u00eancia ao fascismo corporativo quando o Dr. Marcelo Curto, advogado do sindicato, me defendeu numa ac\u00e7\u00e3o contra o &#8220;C\u00edrculo de Leitores&#8221; que me tinha vinculado atrav\u00e9s de um contrato ilegal de trabalho.<br>Perguntei-lhe no tribunal: Dr. acha que d\u00e1 para ganhar isto?<br>&#8211; Ele respondeu: &#8220;Vais ver que nem aparecem&#8221;&#8230;<br>E assim foi.<\/cite><\/blockquote>\n\n\n\n<hr class=\"wp-block-separator has-css-opacity\"\/>\n\n\n\n<p>24 de Abril de 2020<br>A poucas horas do arranque do 25 de Abril continuo a reflectir sobre um filme passado ontem na RTP 1 &#8220;Opera\u00e7\u00e3o Outono&#8221; que relata o assass\u00ednio do general Humberto Delgado em 1965 pela PIDE.<br>N\u00e3o \u00e9 o acto em si perfeitamente normal num regime de carniceiros, \u00e9 sim, a palha\u00e7ada que foi o processo e as senten\u00e7as que produziu, ilibando assassinos que se puseram ao fresco e gozaram com o pagode.<br>Como costuma dizer o meu camarada Am\u00e9rico Duarte: &#8220;<em>Enquanto n\u00e3o se julgarem os crimes do fascismo n\u00e3o poderemos viver numa verdadeira democracia<\/em>&#8220;.<\/p>\n\n\n\n<figure class=\"wp-block-embed is-type-video is-provider-youtube wp-block-embed-youtube wp-embed-aspect-16-9 wp-has-aspect-ratio\"><div class=\"wp-block-embed__wrapper\">\n<iframe loading=\"lazy\" title=\"OPERA\u00c7\u00c3O OUTONO de Bruno de Almeida - Trailer\" width=\"640\" height=\"360\" src=\"https:\/\/www.youtube.com\/embed\/DFH7ENu9jSs?feature=oembed\" frameborder=\"0\" allow=\"accelerometer; autoplay; clipboard-write; encrypted-media; gyroscope; picture-in-picture; web-share\" referrerpolicy=\"strict-origin-when-cross-origin\" allowfullscreen><\/iframe>\n<\/div><figcaption class=\"wp-element-caption\"><br><\/figcaption><\/figure>\n\n\n\n<hr class=\"wp-block-separator has-css-opacity\"\/>\n\n\n\n<div class=\"wp-block-group\"><div class=\"wp-block-group__inner-container is-layout-flow wp-block-group-is-layout-flow\">\n<p><strong>Um arquivo precioso sobre as lutas dos trabalhadores<\/strong><br><br>Tivemos a sorte de aceder ao arquivo do companheiro Jos\u00e9 Jo\u00e3o, que foi coordenador da Comiss\u00e3o de Trabalhadores da ENI, gra\u00e7as \u00e0 informa\u00e7\u00e3o do amigo e sindicalista Jos\u00e9 Santana Henriques.<br>Os meus agradecimentos a ambos por me terem deixado digitalizar t\u00e3o importante esp\u00f3lio que passarei a editar na cronologia.<\/p>\n\n\n\n<h2 class=\"wp-block-heading\">A Luta dos trabalhadores da R\u00e1dio Renascen\u00e7a <\/h2>\n\n\n\n<figure class=\"wp-block-image size-large\"><img loading=\"lazy\" decoding=\"async\" width=\"288\" height=\"365\" src=\"https:\/\/memoriasdeabril.antadaestria.net\/wp-content\/uploads\/2020\/08\/abril18-colante-ou-cartaz-autocc81nomo.jpg?w=288\" alt=\"\" class=\"wp-image-226\" srcset=\"https:\/\/memoriasdeabril.antadaestria.net\/wp-content\/uploads\/2020\/08\/abril18-colante-ou-cartaz-autocc81nomo.jpg 288w, https:\/\/memoriasdeabril.antadaestria.net\/wp-content\/uploads\/2020\/08\/abril18-colante-ou-cartaz-autocc81nomo-237x300.jpg 237w\" sizes=\"auto, (max-width: 288px) 100vw, 288px\" \/><figcaption class=\"wp-element-caption\"><strong><span class=\"has-inline-color has-foreground-dark-color\"><span class=\"uppercase\">A ocupa\u00e7\u00e3o e luta dos trabalhadores da R\u00e1dio Renascen\u00e7a<\/span><\/span><\/strong><\/figcaption><\/figure>\n\n\n\n<hr class=\"wp-block-separator has-css-opacity\"\/>\n\n\n\n<figure class=\"wp-block-pullquote\"><blockquote><p>Brevemente publicaremos alguma da Hist\u00f3ria <\/p><cite>da luta dos trabalhadores da Renascen\u00e7a<\/cite><\/blockquote><\/figure>\n<\/div><\/div>\n","protected":false},"excerpt":{"rendered":"<p>J\u00e1 cheirava a Abril&#8230; Por volta de 1973, no Sindicato dos Trabalhadores do Com\u00e9rcio de Lisboa, comecei a aperceber-me da luta e<\/p>\n<p class=\"link-more\"><a class=\"myButt \" href=\"https:\/\/memoriasdeabril.antadaestria.net\/?page_id=11\">Read More<\/a><\/p>\n","protected":false},"author":1,"featured_media":226,"parent":0,"menu_order":0,"comment_status":"closed","ping_status":"closed","template":"","meta":{"footnotes":""},"class_list":["post-11","page","type-page","status-publish","has-post-thumbnail","hentry"],"_links":{"self":[{"href":"https:\/\/memoriasdeabril.antadaestria.net\/index.php?rest_route=\/wp\/v2\/pages\/11","targetHints":{"allow":["GET"]}}],"collection":[{"href":"https:\/\/memoriasdeabril.antadaestria.net\/index.php?rest_route=\/wp\/v2\/pages"}],"about":[{"href":"https:\/\/memoriasdeabril.antadaestria.net\/index.php?rest_route=\/wp\/v2\/types\/page"}],"author":[{"embeddable":true,"href":"https:\/\/memoriasdeabril.antadaestria.net\/index.php?rest_route=\/wp\/v2\/users\/1"}],"replies":[{"embeddable":true,"href":"https:\/\/memoriasdeabril.antadaestria.net\/index.php?rest_route=%2Fwp%2Fv2%2Fcomments&post=11"}],"version-history":[{"count":6,"href":"https:\/\/memoriasdeabril.antadaestria.net\/index.php?rest_route=\/wp\/v2\/pages\/11\/revisions"}],"predecessor-version":[{"id":691,"href":"https:\/\/memoriasdeabril.antadaestria.net\/index.php?rest_route=\/wp\/v2\/pages\/11\/revisions\/691"}],"wp:featuredmedia":[{"embeddable":true,"href":"https:\/\/memoriasdeabril.antadaestria.net\/index.php?rest_route=\/wp\/v2\/media\/226"}],"wp:attachment":[{"href":"https:\/\/memoriasdeabril.antadaestria.net\/index.php?rest_route=%2Fwp%2Fv2%2Fmedia&parent=11"}],"curies":[{"name":"wp","href":"https:\/\/api.w.org\/{rel}","templated":true}]}}