{"id":13,"date":"2020-05-10T11:49:56","date_gmt":"2020-05-10T11:49:56","guid":{"rendered":"https:\/\/memoriasdeabrilnet.wordpress.com\/?page_id=9"},"modified":"2023-07-18T21:47:46","modified_gmt":"2023-07-18T21:47:46","slug":"about","status":"publish","type":"page","link":"https:\/\/memoriasdeabril.antadaestria.net\/?page_id=13","title":{"rendered":"Acerca de mim"},"content":{"rendered":"\n<div style=\"height:20px\" aria-hidden=\"true\" class=\"wp-block-spacer\"><\/div>\n\n\n\n<div class=\"wp-block-group alignfull has-medium-font-size\"><div class=\"wp-block-group__inner-container is-layout-flow wp-block-group-is-layout-flow\">\n<div class=\"wp-block-jetpack-layout-grid alignfull column1-desktop-grid__span-3 column1-desktop-grid__start-2 column1-desktop-grid__row-1 column2-desktop-grid__span-6 column2-desktop-grid__start-6 column2-desktop-grid__row-1 column1-tablet-grid__span-3 column1-tablet-grid__row-1 column2-tablet-grid__span-5 column2-tablet-grid__start-4 column2-tablet-grid__row-1 column1-mobile-grid__span-4 column1-mobile-grid__row-1 column2-mobile-grid__span-4 column2-mobile-grid__row-2\">\n<div class=\"wp-block-jetpack-layout-grid-column wp-block-jetpack-layout-grid__padding-none\">\n<figure class=\"wp-block-image size-large is-style-circle-mask\"><img decoding=\"async\" src=\"https:\/\/memoriasdeabril.antadaestria.net\/wp-content\/uploads\/2020\/05\/jaime-bw.2020.jpg?w=750\" alt=\"\" class=\"wp-image-38\"\/><figcaption class=\"wp-element-caption\"><strong>Jaime Pereira<\/strong><\/figcaption><\/figure>\n<\/div>\n\n\n\n<div class=\"wp-block-jetpack-layout-grid-column wp-block-jetpack-layout-grid__padding-none\">\n<h2 class=\"wp-block-heading\">Nasci no dia 7 de Fevereiro de 1948 \u2013 Reformado activo continuo a acreditar que \u00e9 poss\u00edvel vivermos num mundo melhor.<\/h2>\n\n\n\n<p>Vivi intensamente o chamado &#8220;PREC&#8221;, per\u00edodo de grande consciencializa\u00e7\u00e3o pol\u00edtica e ideol\u00f3gica onde encontrei muitas explica\u00e7\u00f5es para a minha \u201crebeldia\u201d que era alimentada pela injusti\u00e7a, opress\u00e3o e desigualdade. O regime fascista caiu de podre mas depois n\u00e3o soubemos \u201cgerir\u201d as oportunidades para dar o salto em frente e evitar o regresso ao cinzentismo no 25 de Novembro de 1975.<br>O Processo n\u00e3o p\u00e1ra e eu acredito que isto ainda h\u00e1-de mudar. H\u00e1 que resistir e lutar!<\/p>\n\n\n\n<p><strong>Esclarecimento<\/strong><br>Estas mem\u00f3rias n\u00e3o s\u00e3o &#8220;isentas&#8221;, isso n\u00e3o existe. No entanto o objectivo \u00e9 manter para a posteridade um contributo para a &#8220;hist\u00f3ria da luta dos trabalhadores portugueses&#8221; num per\u00edodo t\u00e3o rico em ensinamentos vindos da pr\u00e1tica, dando prioridade \u00e0s influ\u00eancias exercidas de fora para dentro dos movimentos e partidos alinhados \u00e0 esquerda. <\/p>\n<\/div>\n<\/div>\n<\/div><\/div>\n\n\n\n<p><\/p>\n","protected":false},"excerpt":{"rendered":"<p>Nasci no dia 7 de Fevereiro de 1948 \u2013 Reformado activo continuo a acreditar que \u00e9 poss\u00edvel vivermos num mundo melhor. Vivi<\/p>\n<p class=\"link-more\"><a class=\"myButt \" href=\"https:\/\/memoriasdeabril.antadaestria.net\/?page_id=13\">Read More<\/a><\/p>\n","protected":false},"author":1,"featured_media":0,"parent":0,"menu_order":0,"comment_status":"closed","ping_status":"closed","template":"","meta":{"footnotes":""},"class_list":["post-13","page","type-page","status-publish","hentry"],"_links":{"self":[{"href":"https:\/\/memoriasdeabril.antadaestria.net\/index.php?rest_route=\/wp\/v2\/pages\/13","targetHints":{"allow":["GET"]}}],"collection":[{"href":"https:\/\/memoriasdeabril.antadaestria.net\/index.php?rest_route=\/wp\/v2\/pages"}],"about":[{"href":"https:\/\/memoriasdeabril.antadaestria.net\/index.php?rest_route=\/wp\/v2\/types\/page"}],"author":[{"embeddable":true,"href":"https:\/\/memoriasdeabril.antadaestria.net\/index.php?rest_route=\/wp\/v2\/users\/1"}],"replies":[{"embeddable":true,"href":"https:\/\/memoriasdeabril.antadaestria.net\/index.php?rest_route=%2Fwp%2Fv2%2Fcomments&post=13"}],"version-history":[{"count":2,"href":"https:\/\/memoriasdeabril.antadaestria.net\/index.php?rest_route=\/wp\/v2\/pages\/13\/revisions"}],"predecessor-version":[{"id":560,"href":"https:\/\/memoriasdeabril.antadaestria.net\/index.php?rest_route=\/wp\/v2\/pages\/13\/revisions\/560"}],"wp:attachment":[{"href":"https:\/\/memoriasdeabril.antadaestria.net\/index.php?rest_route=%2Fwp%2Fv2%2Fmedia&parent=13"}],"curies":[{"name":"wp","href":"https:\/\/api.w.org\/{rel}","templated":true}]}}